{"id":1051,"date":"2024-05-20T16:38:45","date_gmt":"2024-05-20T16:38:45","guid":{"rendered":"https:\/\/fieth-bau.de\/?page_id=1051"},"modified":"2025-08-09T13:53:28","modified_gmt":"2025-08-09T13:53:28","slug":"impressum","status":"publish","type":"page","link":"https:\/\/fieth-bau.de\/index.php\/impressum\/","title":{"rendered":"Impressum"},"content":{"rendered":"<div data-colibri-id=\"1051-c1\" class=\"style-815 style-local-1051-c1 position-relative\">\n  <!---->\n  <div data-colibri-component=\"section\" data-colibri-id=\"1051-c2\" id=\"custom\" class=\"h-section h-section-global-spacing d-flex align-items-lg-center align-items-md-center align-items-center style-817 style-local-1051-c2 position-relative\">\n    <!---->\n    <!---->\n    <div class=\"h-section-grid-container h-section-boxed-container\">\n      <!---->\n      <div data-colibri-id=\"1051-c3\" class=\"h-row-container gutters-row-lg-2 gutters-row-md-2 gutters-row-0 gutters-row-v-lg-2 gutters-row-v-md-2 gutters-row-v-2 style-818 style-local-1051-c3 position-relative\">\n        <!---->\n        <div class=\"h-row justify-content-lg-center justify-content-md-center justify-content-center align-items-lg-stretch align-items-md-stretch align-items-stretch gutters-col-lg-2 gutters-col-md-2 gutters-col-0 gutters-col-v-lg-2 gutters-col-v-md-2 gutters-col-v-2\">\n          <!---->\n          <div class=\"h-column h-column-container d-flex h-col-lg-auto h-col-md-auto h-col-auto style-819-outer style-local-1051-c4-outer\">\n            <div data-colibri-id=\"1051-c4\" class=\"d-flex h-flex-basis h-column__inner h-px-lg-2 h-px-md-2 h-px-2 v-inner-lg-2 v-inner-md-2 v-inner-2 style-819 style-local-1051-c4 position-relative\">\n              <!---->\n              <!---->\n              <div class=\"w-100 h-y-container h-column__content h-column__v-align flex-basis-100 align-self-lg-start align-self-md-start align-self-start\">\n                <!---->\n                <div data-colibri-id=\"1051-c5\" class=\"h-lead h-text h-text-component style-822 style-local-1051-c5 position-relative h-element\">\n                  <!---->\n                  <!---->\n                  <div class=\"\">\n                    <p><strong>Fieth Bau GmbH<\/strong><\/p>\n                    <p>Wehrstra\u00dfe 16c<\/p>\n                    <p>52372 Kreuzau<\/p>\n                    <p>USt-ID: DE320050416<\/p>\n                    <p>Gesch\u00e4ftsf\u00fchrer: Stephan Fieth Dipl.-Ing. Architekt<\/p>\n                    <p>Telefon: +49 (0)2422 334 98 60<\/p>\n                    <p>Telefax: +49 (0)2422 334 98 69<\/p>\n                    <p>E-Mail: info@fieth-bau.de<\/p>\n                    <p>\n                      <br>\n                    <\/p>\n                    <p>Der freie Architekt Dipl.-Ing. Stephan Fieth ist eingetragenes Mitglied der Architektenkammer<\/p>\n                    <p>Nordrhein-Westfalen, Zollhof 1, D-40221 D\u00fcsseldorf, Bundesrepublik Deutschland.<\/p>\n                    <p>Hieraus ergibt sich die Berechtigung zum F\u00fchren der Berufsbezeichnung.<\/p>\n                    <p>Die berufsrechtlichen Bestimmungen des Landes&nbsp;Nordrhein-Westfalen sind einsehbar auf:<\/p>\n                    <p>\n                      <a href=\"https:\/\/recht.nrw.de\/lmi\/owa\/br_bes_text?anw_nr=2&amp;gld_nr=2&amp;ugl_nr=2331&amp;bes_id=5217&amp;aufgehoben=N&amp;menu=1&amp;sg=0\" style=\"font-size: 9.75pt; font-family: &quot;open sans&quot;;\" class=\"customize-unpreviewable\">Baukammergesetz NRW (BauKG NW)<\/a>\n                    <\/p>\n                    <p>\n                      <a href=\"https:\/\/recht.nrw.de\/lmi\/owa\/pl_text_anzeigen?v_id=1720070525141051017\" style=\"font-size: 9.75pt; font-family: &quot;open sans&quot;;\" class=\"customize-unpreviewable\">Durchf\u00fchrungsverordnung zum BauKG NW (DVO BauKG NW)<\/a>\n                    <\/p>\n                    <p>\n                      <a href=\"https:\/\/www.aknw.de\" style=\"font-size: 9.75pt; font-family: &quot;open sans&quot;;\" class=\"customize-unpreviewable\">Satzung der Architektenkammer Nordrheinwestfalen<\/a>\n                    <\/p>\n                    <p>HRB-Nr. AG D\u00fcren HRB 7895\n                      <br>\n                      <br>Webseite erstellt mit WordPress durch Jeanne Eue &#8211; Eue Design. (Layout)<\/p>\n                    <p>\n                      <br>\n                    <\/p>\n                  <\/div>\n                <\/div>\n              <\/div>\n            <\/div>\n          <\/div>\n        <\/div>\n      <\/div>\n    <\/div>\n  <\/div>\n  <div data-colibri-component=\"section\" data-colibri-id=\"1051-c6\" id=\"custom-2\" class=\"h-section h-section-global-spacing d-flex align-items-lg-center align-items-md-center align-items-center style-1062 style-local-1051-c6 position-relative\">\n    <!---->\n    <!---->\n    <div class=\"h-section-grid-container h-section-boxed-container\">\n      <!---->\n      <div data-colibri-id=\"1051-c7\" class=\"h-row-container gutters-row-lg-2 gutters-row-md-2 gutters-row-0 gutters-row-v-lg-2 gutters-row-v-md-2 gutters-row-v-2 style-1065 style-local-1051-c7 position-relative\">\n        <!---->\n        <div class=\"h-row justify-content-lg-center justify-content-md-center justify-content-center align-items-lg-stretch align-items-md-stretch align-items-stretch gutters-col-lg-2 gutters-col-md-2 gutters-col-0 gutters-col-v-lg-2 gutters-col-v-md-2 gutters-col-v-2\">\n          <!---->\n          <div class=\"h-column h-column-container d-flex h-col-lg-auto h-col-md-auto h-col-auto style-1066-outer style-local-1051-c8-outer\">\n            <div data-colibri-id=\"1051-c8\" class=\"d-flex h-flex-basis h-column__inner h-px-lg-2 h-px-md-2 h-px-2 v-inner-lg-2 v-inner-md-2 v-inner-2 style-1066 style-local-1051-c8 position-relative\">\n              <!---->\n              <!---->\n              <div class=\"w-100 h-y-container h-column__content h-column__v-align flex-basis-100 align-self-lg-start align-self-md-start align-self-start\">\n                <!---->\n                <div data-colibri-component=\"dropdown-menu\" role=\"navigation\" h-use-smooth-scroll-all=\"true\" data-colibri-id=\"1051-c9\" class=\"h-menu h-global-transition-all h-ignore-global-body-typography has-offcanvas-mobile h-menu-horizontal h-dropdown-menu style-1052 style-local-1051-c9 position-relative h-element\">\n                  <!---->\n                  <div class=\"h-global-transition-all h-main-menu\"><div class=\"colibri-menu-container\"><ul id=\"menu-categories-menu\" class=\"colibri-menu bordered-active-item bordered-active-item--bottom effect-borders-grow grow-from-left\"><li id=\"menu-item-1057\" class=\"menu-item menu-item-type-post_type menu-item-object-page menu-item-1057\"><a href=\"https:\/\/fieth-bau.de\/index.php\/impressum\/\">Impressum<\/a><\/li>\n<li id=\"menu-item-1058\" class=\"menu-item menu-item-type-post_type menu-item-object-page menu-item-1058\"><a href=\"https:\/\/fieth-bau.de\/index.php\/datenschutz\/\">Datenschutz<\/a><\/li>\n<\/ul><\/div><\/div>\n                  <div data-colibri-id=\"1051-c10\" class=\"h-mobile-menu h-global-transition-disable style-1053 style-local-1051-c10 position-relative h-element\">\n                    <!---->\n                    <a data-click-outside=\"true\" data-target=\"#offcanvas-wrapper-1051-c10\" data-target-id=\"offcanvas-wrapper-1051-c10\" data-offcanvas-overlay-id=\"offcanvas-overlay-1051-c10\" href=\"#\" data-colibri-component=\"offcanvas\" data-direction=\"right\"\n                      data-push=\"false\" title=\"Menu\" class=\"h-hamburger-button\">\n                      <div class=\"icon-container h-hamburger-icon\">\n                        <div class=\"h-icon-svg\" style=\"width: 100%; height: 100%;\">\n                          <!--Icon by Font Awesome (https:\/\/fontawesome.com)-->\n                          <svg version=\"1.1\" xmlns=\"http:\/\/www.w3.org\/2000\/svg\" xmlns:xlink=\"http:\/\/www.w3.org\/1999\/xlink\" id=\"bars\" viewBox=\"0 0 1536 1896.0833\">\n                            <path d=\"M1536 1344v128q0 26-19 45t-45 19H64q-26 0-45-19t-19-45v-128q0-26 19-45t45-19h1408q26 0 45 19t19 45zm0-512v128q0 26-19 45t-45 19H64q-26 0-45-19T0 960V832q0-26 19-45t45-19h1408q26 0 45 19t19 45zm0-512v128q0 26-19 45t-45 19H64q-26 0-45-19T0 448V320q0-26 19-45t45-19h1408q26 0 45 19t19 45z\"><\/path>\n                          <\/svg>\n                        <\/div>\n                      <\/div>\n                    <\/a>\n                    <div id=\"offcanvas-wrapper-1051-c10\" class=\"h-offcanvas-panel offcanvas offcanvas-right hide force-hide style-1053-offscreen style-local-1051-c10-offscreen\">\n                      <div data-colibri-id=\"1051-c11\" class=\"d-flex flex-column h-offscreen-panel style-1054 style-local-1051-c11 position-relative h-element\">\n                        <!---->\n                        <div class=\"offscreen-header h-ui-empty-state-container\">\n                          <div data-colibri-id=\"1051-c13\" class=\"h-row-container gutters-row-lg-0 gutters-row-md-0 gutters-row-0 gutters-row-v-lg-0 gutters-row-v-md-0 gutters-row-v-0 style-1056 style-local-1051-c13 position-relative\">\n                            <!---->\n                            <div class=\"h-row justify-content-lg-center justify-content-md-center justify-content-center align-items-lg-stretch align-items-md-stretch align-items-stretch gutters-col-lg-0 gutters-col-md-0 gutters-col-0 gutters-col-v-lg-0 gutters-col-v-md-0 gutters-col-v-0\">\n                              <!---->\n                              <div class=\"h-column h-column-container d-flex h-col-lg h-col-md h-col-auto style-1057-outer style-local-1051-c14-outer\">\n                                <div data-colibri-id=\"1051-c14\" class=\"d-flex h-flex-basis h-column__inner h-px-lg-2 h-px-md-2 h-px-2 v-inner-lg-2 v-inner-md-2 v-inner-2 style-1057 style-local-1051-c14 position-relative\">\n                                  <!---->\n                                  <!---->\n                                  <div class=\"w-100 h-y-container h-column__content h-column__v-align flex-basis-100 align-self-lg-start align-self-md-start align-self-start\">\n                                    <!---->\n                                    <div data-colibri-id=\"1051-c15\" class=\"d-flex align-items-center text-lg-center text-md-center text-center justify-content-lg-center justify-content-md-center justify-content-center style-1058 style-local-1051-c15 position-relative h-element\">\n                                      <!---->\n                                      <a rel=\"home\" href=\"https:\/\/fieth-bau.de\/\" h-use-smooth-scroll=\"true\" class=\"d-flex align-items-center\">\n                                        <img decoding=\"async\" src=\"https:\/\/fieth-bau.de\/wp-content\/uploads\/2018\/10\/cropped-cropped-cropped-fieth-bau-logo-transp-1-e1714232469283-1.png\" class=\"h-logo__image h-logo__image_h logo-image style-1058-image style-local-1051-c15-image\" alt=\"\" \/>\n                                        <img decoding=\"async\" src=\"https:\/\/fieth-bau.de\/wp-content\/uploads\/2018\/10\/cropped-cropped-cropped-fieth-bau-logo-transp-1-e1714232469283-1.png\" class=\"h-logo__alt-image h-logo__alt-image_h logo-alt-image style-1058-image style-local-1051-c15-image\">\n                                      <\/a>\n                                    <\/div>\n                                  <\/div>\n                                <\/div>\n                              <\/div>\n                            <\/div>\n                          <\/div>\n                        <\/div>\n                        <div class=\"offscreen-content\">\n                          <!---->\n                          <div data-colibri-component=\"accordion-menu\" role=\"navigation\" h-use-smooth-scroll-all=\"true\" data-colibri-id=\"1051-c12\" class=\"h-menu h-global-transition-all h-ignore-global-body-typography h-mobile-menu h-menu-accordion style-1055 style-local-1051-c12 position-relative h-element\">\n                            <!---->\n                            <div class=\"h-global-transition-all h-mobile-menu\"><div class=\"colibri-menu-container\"><ul id=\"menu-categories-menu-1\" class=\"colibri-menu none \"><li class=\"menu-item menu-item-type-post_type menu-item-object-page menu-item-1057\"><a href=\"https:\/\/fieth-bau.de\/index.php\/impressum\/\">Impressum<\/a><\/li>\n<li class=\"menu-item menu-item-type-post_type menu-item-object-page menu-item-1058\"><a href=\"https:\/\/fieth-bau.de\/index.php\/datenschutz\/\">Datenschutz<\/a><\/li>\n<\/ul><\/div><\/div>\n                          <\/div>\n                        <\/div>\n                        <div class=\"offscreen-footer h-ui-empty-state-container\">\n                          <div data-colibri-id=\"1051-c16\" class=\"h-row-container gutters-row-lg-0 gutters-row-md-0 gutters-row-0 gutters-row-v-lg-0 gutters-row-v-md-0 gutters-row-v-0 style-1059 style-local-1051-c16 position-relative\">\n                            <!---->\n                            <div class=\"h-row justify-content-lg-center justify-content-md-center justify-content-center align-items-lg-stretch align-items-md-stretch align-items-stretch gutters-col-lg-0 gutters-col-md-0 gutters-col-0 gutters-col-v-lg-0 gutters-col-v-md-0 gutters-col-v-0\">\n                              <!---->\n                              <div class=\"h-column h-column-container d-flex h-col-lg h-col-md h-col-auto style-1060-outer style-local-1051-c17-outer\">\n                                <div data-colibri-id=\"1051-c17\" class=\"d-flex h-flex-basis h-column__inner h-px-lg-2 h-px-md-2 h-px-2 v-inner-lg-2 v-inner-md-2 v-inner-2 style-1060 style-local-1051-c17 position-relative\">\n                                  <!---->\n                                  <!---->\n                                  <div class=\"w-100 h-y-container h-column__content h-column__v-align flex-basis-100 align-self-lg-start align-self-md-start align-self-start\">\n                                    <!---->\n                                    <div data-colibri-id=\"1051-c18\" class=\"h-text h-text-component style-1061 style-local-1051-c18 position-relative h-element\">\n                                      <!---->\n                                      <!---->\n                                      <div class=\"\">\n                                        <p>\u00a9 2024<\/p>\n                                      <\/div>\n                                    <\/div>\n                                  <\/div>\n                                <\/div>\n                              <\/div>\n                            <\/div>\n                          <\/div>\n                        <\/div>\n                      <\/div>\n                    <\/div>\n                    <div id=\"offcanvas-overlay-1051-c10\" class=\"offscreen-overlay style-1053-offscreenOverlay style-local-1051-c10-offscreenOverlay\"><\/div>\n                  <\/div>\n                <\/div>\n              <\/div>\n            <\/div>\n          <\/div>\n        <\/div>\n      <\/div>\n    <\/div>\n  <\/div>\n<\/div>","protected":false},"excerpt":{"rendered":"<p>Fieth Bau GmbH Wehrstra\u00dfe 16c 52372 Kreuzau USt-ID: DE320050416 Gesch\u00e4ftsf\u00fchrer: Stephan Fieth Dipl.-Ing. Architekt Telefon: +49 (0)2422 334 98 60 Telefax: +49 (0)2422 334 98 69 E-Mail: info@fieth-bau.de Der freie Architekt Dipl.-Ing. Stephan Fieth ist eingetragenes Mitglied der Architektenkammer Nordrhein-Westfalen, Zollhof 1, D-40221 D\u00fcsseldorf, Bundesrepublik Deutschland. Hieraus ergibt sich die Berechtigung zum F\u00fchren der Berufsbezeichnung. [&hellip;]<\/p>\n","protected":false},"author":2,"featured_media":0,"parent":0,"menu_order":0,"comment_status":"closed","ping_status":"closed","template":"page-templates\/full-width-page.php","meta":{"footnotes":""},"class_list":["post-1051","page","type-page","status-publish","hentry"],"_links":{"self":[{"href":"https:\/\/fieth-bau.de\/index.php\/wp-json\/wp\/v2\/pages\/1051","targetHints":{"allow":["GET"]}}],"collection":[{"href":"https:\/\/fieth-bau.de\/index.php\/wp-json\/wp\/v2\/pages"}],"about":[{"href":"https:\/\/fieth-bau.de\/index.php\/wp-json\/wp\/v2\/types\/page"}],"author":[{"embeddable":true,"href":"https:\/\/fieth-bau.de\/index.php\/wp-json\/wp\/v2\/users\/2"}],"replies":[{"embeddable":true,"href":"https:\/\/fieth-bau.de\/index.php\/wp-json\/wp\/v2\/comments?post=1051"}],"version-history":[{"count":7,"href":"https:\/\/fieth-bau.de\/index.php\/wp-json\/wp\/v2\/pages\/1051\/revisions"}],"predecessor-version":[{"id":1753,"href":"https:\/\/fieth-bau.de\/index.php\/wp-json\/wp\/v2\/pages\/1051\/revisions\/1753"}],"wp:attachment":[{"href":"https:\/\/fieth-bau.de\/index.php\/wp-json\/wp\/v2\/media?parent=1051"}],"curies":[{"name":"wp","href":"https:\/\/api.w.org\/{rel}","templated":true}]}}