{"id":1443,"date":"2025-04-17T18:23:02","date_gmt":"2025-04-17T18:23:02","guid":{"rendered":"https:\/\/fieth-bau.de\/?page_id=1443"},"modified":"2025-09-18T18:50:00","modified_gmt":"2025-09-18T18:50:00","slug":"leistungen","status":"publish","type":"page","link":"https:\/\/fieth-bau.de\/index.php\/leistungen\/","title":{"rendered":"Leistungen"},"content":{"rendered":"<div data-colibri-id=\"1443-c1\" class=\"style-1145 style-local-1443-c1 position-relative\">\n  <!---->\n  <div data-colibri-component=\"section\" data-colibri-id=\"1443-c2\" id=\"generalunternehmerleistung\" class=\"h-section h-section-global-spacing d-flex align-items-lg-center align-items-md-center align-items-center style-1291 style-local-1443-c2 position-relative\">\n    <!---->\n    <!---->\n    <div class=\"h-section-grid-container h-section-boxed-container\">\n      <!---->\n      <div data-colibri-id=\"1443-c3\" class=\"h-row-container gutters-row-lg-0 gutters-row-md-0 gutters-row-0 gutters-row-v-lg-0 gutters-row-v-md-0 gutters-row-v-0 style-1292 style-local-1443-c3 position-relative\">\n        <!---->\n        <div class=\"h-row justify-content-lg-center justify-content-md-center justify-content-center align-items-lg-stretch align-items-md-stretch align-items-stretch gutters-col-lg-0 gutters-col-md-0 gutters-col-0 gutters-col-v-lg-0 gutters-col-v-md-0 gutters-col-v-0\">\n          <!---->\n          <div class=\"h-column h-column-container d-flex h-col-lg-auto h-col-md-auto h-col-auto style-1293-outer style-local-1443-c4-outer\">\n            <div data-colibri-id=\"1443-c4\" class=\"d-flex h-flex-basis h-column__inner h-ui-empty-state-container h-px-lg-0 h-px-md-0 h-px-0 v-inner-lg-0 v-inner-md-0 v-inner-0 style-1293 style-local-1443-c4 position-relative\">\n              <!---->\n              <!---->\n              <div class=\"w-100 h-y-container h-column__content h-column__v-align flex-basis-100\">\n                <!---->\n              <\/div>\n            <\/div>\n          <\/div>\n          <div class=\"h-column h-column-container d-flex h-col-lg-auto h-col-md-auto h-col-auto style-1294-outer style-local-1443-c5-outer\">\n            <div data-colibri-id=\"1443-c5\" class=\"d-flex h-flex-basis h-column__inner h-px-lg-2 h-px-md-2 h-px-2 v-inner-lg-2 v-inner-md-2 v-inner-2 style-1294 style-local-1443-c5 position-relative\">\n              <!---->\n              <!---->\n              <div class=\"w-100 h-y-container h-column__content h-column__v-align flex-basis-100 align-self-lg-start align-self-md-start align-self-start\">\n                <!---->\n                <div data-colibri-id=\"1443-c6\" class=\"h-global-transition-all h-heading style-1295 style-local-1443-c6 position-relative h-element\">\n                  <!---->\n                  <div class=\"h-heading__outer style-1295 style-local-1443-c6\">\n                    <!---->\n                    <!---->\n                    <h4 class=\"\">Bauausf\u00fchrung f\u00fcr Privat- &amp; Gewerbekunden sowie Verwaltung<\/h4>\n                  <\/div>\n                <\/div>\n                <div data-colibri-id=\"1443-c7\" class=\"h-text h-text-component style-1297 style-local-1443-c7 position-relative h-element\">\n                  <!---->\n                  <!---->\n                  <div class=\"\">\n                    <p>Wir \u00fcbernehmen die fachgerechte Ausf\u00fchrung von Bauvorhaben \u2013 und liefern individuell, wirtschaftlich und l\u00f6sungsorientiert alles aus einer Hand. Unsere Expertise liegt im Ausbaubereich, dar\u00fcber hinaus haben wir uns auf das Bauen im\n                      Bestand spezialisiert. Mit technischem Know-how \u00fcbernehmen wir unterschiedlichste Aufgaben von der sorgf\u00e4ltigen Sanierung denkmalgesch\u00fctzter Objekte, \u00fcber die Ert\u00fcchtigung von Krankenhaus und U-Bahnstation im laufenden Betrieb bis\n                      zur Kernsanierung von B\u00fcrokomplexen. Dabei legen wir Wert auf eine enge Abstimmung mit allen Projektbeteiligten und behalten Kosten, Termine und Funktionalit\u00e4t im Blick.<\/p>\n                  <\/div>\n                <\/div>\n              <\/div>\n            <\/div>\n          <\/div>\n        <\/div>\n      <\/div>\n    <\/div>\n  <\/div>\n  <div data-colibri-component=\"section\" data-colibri-id=\"1443-c61\" id=\"stuckateur\" class=\"h-section h-section-global-spacing d-flex align-items-lg-center align-items-md-center align-items-center style-1465 style-local-1443-c61 position-relative\">\n    <!---->\n    <!---->\n    <div class=\"h-section-grid-container h-section-boxed-container\">\n      <!---->\n      <div data-colibri-id=\"1443-c62\" class=\"h-row-container gutters-row-lg-0 gutters-row-md-0 gutters-row-0 gutters-row-v-lg-0 gutters-row-v-md-0 gutters-row-v-0 style-1466 style-local-1443-c62 position-relative\">\n        <!---->\n        <div class=\"h-row justify-content-lg-center justify-content-md-center justify-content-center align-items-lg-stretch align-items-md-stretch align-items-stretch gutters-col-lg-0 gutters-col-md-0 gutters-col-0 gutters-col-v-lg-0 gutters-col-v-md-0 gutters-col-v-0\">\n          <!---->\n          <div class=\"h-column h-column-container d-flex h-col-lg-auto h-col-md-auto h-col-auto style-1467-outer style-local-1443-c63-outer\">\n            <div data-colibri-id=\"1443-c63\" class=\"d-flex h-flex-basis h-column__inner h-ui-empty-state-container h-px-lg-0 h-px-md-0 h-px-0 v-inner-lg-0 v-inner-md-0 v-inner-0 style-1467 style-local-1443-c63 position-relative\">\n              <!---->\n              <!---->\n              <div class=\"w-100 h-y-container h-column__content h-column__v-align flex-basis-100\">\n                <!---->\n              <\/div>\n            <\/div>\n          <\/div>\n          <div class=\"h-column h-column-container d-flex h-col-lg-auto h-col-md-auto h-col-auto style-1468-outer style-local-1443-c64-outer\">\n            <div data-colibri-id=\"1443-c64\" class=\"d-flex h-flex-basis h-column__inner h-px-lg-2 h-px-md-2 h-px-2 v-inner-lg-2 v-inner-md-2 v-inner-2 style-1468 style-local-1443-c64 position-relative\">\n              <!---->\n              <!---->\n              <div class=\"w-100 h-y-container h-column__content h-column__v-align flex-basis-100 align-self-lg-start align-self-md-start align-self-start\">\n                <!---->\n                <div data-colibri-id=\"1443-c65\" class=\"h-global-transition-all h-heading style-1469 style-local-1443-c65 position-relative h-element\">\n                  <!---->\n                  <div class=\"h-heading__outer style-1469 style-local-1443-c65\">\n                    <!---->\n                    <!---->\n                    <h5 class=\"\">Stuck, Putz und Trockenbau<\/h5>\n                  <\/div>\n                <\/div>\n                <div data-colibri-id=\"1443-c67\" class=\"h-text h-text-component style-1471 style-local-1443-c67 position-relative h-element\">\n                  <!---->\n                  <!---->\n                  <div class=\"\">\n                    <p><span style=\"font-weight: 400; font-size: 16px; font-family: Roboto; color: rgb(65, 76, 92);\">Innenausbau mit Pr\u00e4zision: Wir realisieren funktionale und gestalterische L\u00f6sungen im Bereich Stuck, Putz und Trockenbau \u2013 vom raumtrennenden System bis zur hochwertigen Wand- und Deckenbearbeitung. Effizient, sauber und passgenau. Ob Brandschutz, Akustikdecken oder Spezialoberfl\u00e4chen: Wir erf\u00fcllen jede bauliche Anforderung ma\u00dfgeschneidert und in enger Zusammenarbeit mit Projektleitern und Partnerunternehmen \u2013 in Einfamilienh\u00e4usern, Einkaufscentern ebenso oder U Bahnstationen. Unsere Leistungen f\u00fcgen sich nahtlos in bestehende Strukturen ein \u2013 mit minimalem Eingriff in den Betriebsablauf. Dabei stehen Qualit\u00e4t, Termintreue und ein reibungsloser Ablauf im Fokus.<\/span><\/p>\n                  <\/div>\n                <\/div>\n              <\/div>\n            <\/div>\n          <\/div>\n        <\/div>\n      <\/div>\n    <\/div>\n  <\/div>\n  <div data-colibri-component=\"section\" data-colibri-id=\"1443-c15\" id=\"oekologisches-bauen\" class=\"h-section h-section-global-spacing d-flex align-items-lg-center align-items-md-center align-items-center style-1305 style-local-1443-c15 position-relative\">\n    <!---->\n    <!---->\n    <div class=\"h-section-grid-container h-section-boxed-container\">\n      <!---->\n      <div data-colibri-id=\"1443-c16\" class=\"h-row-container gutters-row-lg-0 gutters-row-md-0 gutters-row-0 gutters-row-v-lg-0 gutters-row-v-md-0 gutters-row-v-0 style-1306 style-local-1443-c16 position-relative\">\n        <!---->\n        <div class=\"h-row justify-content-lg-center justify-content-md-center justify-content-center align-items-lg-stretch align-items-md-stretch align-items-stretch gutters-col-lg-0 gutters-col-md-0 gutters-col-0 gutters-col-v-lg-0 gutters-col-v-md-0 gutters-col-v-0\">\n          <!---->\n          <div class=\"h-column h-column-container d-flex h-col-lg-auto h-col-md-auto h-col-auto style-1307-outer style-local-1443-c17-outer\">\n            <div data-colibri-id=\"1443-c17\" class=\"d-flex h-flex-basis h-column__inner h-ui-empty-state-container h-px-lg-0 h-px-md-0 h-px-0 v-inner-lg-0 v-inner-md-0 v-inner-0 style-1307 style-local-1443-c17 position-relative\">\n              <!---->\n              <!---->\n              <div class=\"w-100 h-y-container h-column__content h-column__v-align flex-basis-100\">\n                <!---->\n              <\/div>\n            <\/div>\n          <\/div>\n          <div class=\"h-column h-column-container d-flex h-col-lg-auto h-col-md-auto h-col-auto style-1308-outer style-local-1443-c18-outer\">\n            <div data-colibri-id=\"1443-c18\" class=\"d-flex h-flex-basis h-column__inner h-px-lg-2 h-px-md-2 h-px-2 v-inner-lg-2 v-inner-md-2 v-inner-2 style-1308 style-local-1443-c18 position-relative\">\n              <!---->\n              <!---->\n              <div class=\"w-100 h-y-container h-column__content h-column__v-align flex-basis-100 align-self-lg-start align-self-md-start align-self-start\">\n                <!---->\n                <div data-colibri-id=\"1443-c19\" class=\"h-global-transition-all h-heading style-1309 style-local-1443-c19 position-relative h-element\">\n                  <!---->\n                  <div class=\"h-heading__outer style-1309 style-local-1443-c19\">\n                    <!---->\n                    <!---->\n                    <h5 class=\"\">\u00d6kologisches Bauen<\/h5>\n                  <\/div>\n                <\/div>\n                <div data-colibri-id=\"1443-c20\" class=\"h-text h-text-component style-1311 style-local-1443-c20 position-relative h-element\">\n                  <!---->\n                  <!---->\n                  <div class=\"\">\n                    <p>Nachhaltigkeit mit Substanz: Wir setzen auf nat\u00fcrliche Baustoffe wie Lehm und Kalk \u2013 f\u00fcr gesunde Raumklimata, langlebige Bausubstanz und ressourcenschonendes Bauen. Ob Neubau oder Sanierung \u2013 \u00f6kologisch sinnvoll und bautechnisch \u00fcberzeugend.\n                      Mit jahrzehntelanger Erfahrung im Lehmbau verbinden wir Tradition mit modernen Anforderungen an Energieeffizienz und Innenraumgesundheit. Das Spektrum reicht vom modernen Designerwohnraum bis zum individuell gestalteten Treppenhaus\n                      f\u00fcr die individuelle Note im den eigenen vier W\u00e4nden.<\/p>\n                    <p>\n                      <br>\n                    <\/p>\n                  <\/div>\n                <\/div>\n              <\/div>\n            <\/div>\n          <\/div>\n        <\/div>\n      <\/div>\n    <\/div>\n  <\/div>\n  <div data-colibri-component=\"section\" data-colibri-id=\"1443-c21\" id=\"denkmalsanierung\" class=\"h-section h-section-global-spacing d-flex align-items-lg-center align-items-md-center align-items-center style-1312 style-local-1443-c21 position-relative\">\n    <!---->\n    <!---->\n    <div class=\"h-section-grid-container h-section-boxed-container\">\n      <!---->\n      <div data-colibri-id=\"1443-c22\" class=\"h-row-container gutters-row-lg-0 gutters-row-md-0 gutters-row-0 gutters-row-v-lg-0 gutters-row-v-md-0 gutters-row-v-0 style-1313 style-local-1443-c22 position-relative\">\n        <!---->\n        <div class=\"h-row justify-content-lg-center justify-content-md-center justify-content-center align-items-lg-stretch align-items-md-stretch align-items-stretch gutters-col-lg-0 gutters-col-md-0 gutters-col-0 gutters-col-v-lg-0 gutters-col-v-md-0 gutters-col-v-0\">\n          <!---->\n          <div class=\"h-column h-column-container d-flex h-col-lg-auto h-col-md-auto h-col-auto style-1314-outer style-local-1443-c23-outer\">\n            <div data-colibri-id=\"1443-c23\" class=\"d-flex h-flex-basis h-column__inner h-ui-empty-state-container h-px-lg-0 h-px-md-0 h-px-0 v-inner-lg-0 v-inner-md-0 v-inner-0 style-1314 style-local-1443-c23 position-relative\">\n              <!---->\n              <!---->\n              <div class=\"w-100 h-y-container h-column__content h-column__v-align flex-basis-100\">\n                <!---->\n              <\/div>\n            <\/div>\n          <\/div>\n          <div class=\"h-column h-column-container d-flex h-col-lg-auto h-col-md-auto h-col-auto style-1315-outer style-local-1443-c24-outer\">\n            <div data-colibri-id=\"1443-c24\" class=\"d-flex h-flex-basis h-column__inner h-px-lg-2 h-px-md-2 h-px-2 v-inner-lg-2 v-inner-md-2 v-inner-2 style-1315 style-local-1443-c24 position-relative\">\n              <!---->\n              <!---->\n              <div class=\"w-100 h-y-container h-column__content h-column__v-align flex-basis-100 align-self-lg-start align-self-md-start align-self-start\">\n                <!---->\n                <div data-colibri-id=\"1443-c25\" class=\"h-global-transition-all h-heading style-1316 style-local-1443-c25 position-relative h-element\">\n                  <!---->\n                  <div class=\"h-heading__outer style-1316 style-local-1443-c25\">\n                    <!---->\n                    <!---->\n                    <h5 class=\"\">Denkmalsanierung<\/h5>\n                  <\/div>\n                <\/div>\n                <div data-colibri-id=\"1443-c26\" class=\"h-text h-text-component style-1318 style-local-1443-c26 position-relative h-element\">\n                  <!---->\n                  <!---->\n                  <div class=\"\">\n                    <p>Substanz erhalten, Werte bewahren: Wir sanieren denkmalgesch\u00fctzte Geb\u00e4ude mit handwerklicher Sorgfalt und historischem Verst\u00e4ndnis. In enger Abstimmung mit Beh\u00f6rden und Fachstellen bringen wir alte Bausubstanz technisch und funktional\n                      auf zeitgem\u00e4\u00dfen Stand. Unser Team vereint traditionelle Handwerkstechniken mit umfassendem Fachwissen und viel Erfahrung im Umgang mit sensibler Bausubstanz. Jede Ma\u00dfnahme erfolgt denkmalgerecht, nachvollziehbar und mit Blick auf\n                      langfristige Erhaltung. So bleiben Geschichte und Funktion auch f\u00fcr kommende Generationen lebendig.<\/p>\n                  <\/div>\n                <\/div>\n              <\/div>\n            <\/div>\n          <\/div>\n        <\/div>\n      <\/div>\n    <\/div>\n  <\/div>\n  <div data-colibri-component=\"section\" data-colibri-id=\"1443-c27\" id=\"menue\" class=\"h-section h-section-global-spacing d-flex align-items-lg-center align-items-md-center align-items-center style-1149 style-local-1443-c27 position-relative\">\n    <!---->\n    <!---->\n    <div class=\"h-section-grid-container h-section-boxed-container\">\n      <!---->\n      <div data-colibri-id=\"1443-c28\" class=\"h-row-container gutters-row-lg-2 gutters-row-md-2 gutters-row-0 gutters-row-v-lg-2 gutters-row-v-md-2 gutters-row-v-2 style-1153 style-local-1443-c28 position-relative\">\n        <!---->\n        <div class=\"h-row justify-content-lg-center justify-content-md-center justify-content-center align-items-lg-stretch align-items-md-stretch align-items-stretch gutters-col-lg-2 gutters-col-md-2 gutters-col-0 gutters-col-v-lg-2 gutters-col-v-md-2 gutters-col-v-2\">\n          <!---->\n          <div class=\"h-column h-column-container d-flex h-col-lg-auto h-col-md-auto h-col-auto style-1154-outer style-local-1443-c29-outer\">\n            <div data-colibri-id=\"1443-c29\" class=\"d-flex h-flex-basis h-column__inner h-px-lg-2 h-px-md-2 h-px-2 v-inner-lg-2 v-inner-md-2 v-inner-2 style-1154 style-local-1443-c29 position-relative\">\n              <!---->\n              <!---->\n              <div class=\"w-100 h-y-container h-column__content h-column__v-align flex-basis-100 align-self-lg-start align-self-md-start align-self-start\">\n                <!---->\n                <div data-colibri-component=\"dropdown-menu\" role=\"navigation\" h-use-smooth-scroll-all=\"true\" data-colibri-id=\"1443-c30\" class=\"h-menu h-global-transition-all h-ignore-global-body-typography has-offcanvas-mobile h-menu-horizontal h-dropdown-menu style-1168 style-local-1443-c30 position-relative h-element\">\n                  <!---->\n                  <div class=\"h-global-transition-all h-main-menu\"><div class=\"colibri-menu-container\"><ul id=\"menu-categories-menu\" class=\"colibri-menu bordered-active-item bordered-active-item--bottom effect-borders-grow grow-from-left\"><li id=\"menu-item-1057\" class=\"menu-item menu-item-type-post_type menu-item-object-page menu-item-1057\"><a href=\"https:\/\/fieth-bau.de\/index.php\/impressum\/\">Impressum<\/a><\/li>\n<li id=\"menu-item-1058\" class=\"menu-item menu-item-type-post_type menu-item-object-page menu-item-1058\"><a href=\"https:\/\/fieth-bau.de\/index.php\/datenschutz\/\">Datenschutz<\/a><\/li>\n<\/ul><\/div><\/div>\n                  <div data-colibri-id=\"1443-c31\" class=\"h-mobile-menu h-global-transition-disable style-1169 style-local-1443-c31 position-relative h-element\">\n                    <!---->\n                    <a data-click-outside=\"true\" data-target=\"#offcanvas-wrapper-1443-c31\" data-target-id=\"offcanvas-wrapper-1443-c31\" data-offcanvas-overlay-id=\"offcanvas-overlay-1443-c31\" href=\"#\" data-colibri-component=\"offcanvas\" data-direction=\"right\"\n                      data-push=\"false\" title=\"Menu\" class=\"h-hamburger-button\">\n                      <div class=\"icon-container h-hamburger-icon\">\n                        <div class=\"h-icon-svg\" style=\"width: 100%; height: 100%;\">\n                          <!--Icon by Font Awesome (https:\/\/fontawesome.com)-->\n                          <svg version=\"1.1\" xmlns=\"http:\/\/www.w3.org\/2000\/svg\" xmlns:xlink=\"http:\/\/www.w3.org\/1999\/xlink\" id=\"bars\" viewBox=\"0 0 1536 1896.0833\">\n                            <path d=\"M1536 1344v128q0 26-19 45t-45 19H64q-26 0-45-19t-19-45v-128q0-26 19-45t45-19h1408q26 0 45 19t19 45zm0-512v128q0 26-19 45t-45 19H64q-26 0-45-19T0 960V832q0-26 19-45t45-19h1408q26 0 45 19t19 45zm0-512v128q0 26-19 45t-45 19H64q-26 0-45-19T0 448V320q0-26 19-45t45-19h1408q26 0 45 19t19 45z\"><\/path>\n                          <\/svg>\n                        <\/div>\n                      <\/div>\n                    <\/a>\n                    <div id=\"offcanvas-wrapper-1443-c31\" class=\"h-offcanvas-panel offcanvas offcanvas-right hide force-hide style-1169-offscreen style-local-1443-c31-offscreen\">\n                      <div data-colibri-id=\"1443-c32\" class=\"d-flex flex-column h-offscreen-panel style-1170 style-local-1443-c32 position-relative h-element\">\n                        <!---->\n                        <div class=\"offscreen-header h-ui-empty-state-container\">\n                          <div data-colibri-id=\"1443-c34\" class=\"h-row-container gutters-row-lg-0 gutters-row-md-0 gutters-row-0 gutters-row-v-lg-0 gutters-row-v-md-0 gutters-row-v-0 style-1172 style-local-1443-c34 position-relative\">\n                            <!---->\n                            <div class=\"h-row justify-content-lg-center justify-content-md-center justify-content-center align-items-lg-stretch align-items-md-stretch align-items-stretch gutters-col-lg-0 gutters-col-md-0 gutters-col-0 gutters-col-v-lg-0 gutters-col-v-md-0 gutters-col-v-0\">\n                              <!---->\n                              <div class=\"h-column h-column-container d-flex h-col-lg h-col-md h-col-auto style-1173-outer style-local-1443-c35-outer\">\n                                <div data-colibri-id=\"1443-c35\" class=\"d-flex h-flex-basis h-column__inner h-px-lg-2 h-px-md-2 h-px-2 v-inner-lg-2 v-inner-md-2 v-inner-2 style-1173 style-local-1443-c35 position-relative\">\n                                  <!---->\n                                  <!---->\n                                  <div class=\"w-100 h-y-container h-column__content h-column__v-align flex-basis-100 align-self-lg-start align-self-md-start align-self-start\">\n                                    <!---->\n                                    <div data-colibri-id=\"1443-c36\" class=\"d-flex align-items-center text-lg-center text-md-center text-center justify-content-lg-center justify-content-md-center justify-content-center style-1174 style-local-1443-c36 position-relative h-element\">\n                                      <!---->\n                                      <a rel=\"home\" href=\"https:\/\/fieth-bau.de\/\" h-use-smooth-scroll=\"true\" class=\"d-flex align-items-center\">\n                                        <img decoding=\"async\" src=\"https:\/\/fieth-bau.de\/wp-content\/uploads\/2018\/10\/cropped-cropped-cropped-fieth-bau-logo-transp-1-e1714232469283-1.png\" class=\"h-logo__image h-logo__image_h logo-image style-1174-image style-local-1443-c36-image\" alt=\"\" \/>\n                                        <img decoding=\"async\" src=\"https:\/\/fieth-bau.de\/wp-content\/uploads\/2018\/10\/cropped-cropped-cropped-fieth-bau-logo-transp-1-e1714232469283-1.png\" class=\"h-logo__alt-image h-logo__alt-image_h logo-alt-image style-1174-image style-local-1443-c36-image\">\n                                      <\/a>\n                                    <\/div>\n                                  <\/div>\n                                <\/div>\n                              <\/div>\n                            <\/div>\n                          <\/div>\n                        <\/div>\n                        <div class=\"offscreen-content\">\n                          <!---->\n                          <div data-colibri-component=\"accordion-menu\" role=\"navigation\" h-use-smooth-scroll-all=\"true\" data-colibri-id=\"1443-c33\" class=\"h-menu h-global-transition-all h-ignore-global-body-typography h-mobile-menu h-menu-accordion style-1171 style-local-1443-c33 position-relative h-element\">\n                            <!---->\n                            <div class=\"h-global-transition-all h-mobile-menu\"><div class=\"colibri-menu-container\"><ul id=\"menu-categories-menu-1\" class=\"colibri-menu none \"><li class=\"menu-item menu-item-type-post_type menu-item-object-page menu-item-1057\"><a href=\"https:\/\/fieth-bau.de\/index.php\/impressum\/\">Impressum<\/a><\/li>\n<li class=\"menu-item menu-item-type-post_type menu-item-object-page menu-item-1058\"><a href=\"https:\/\/fieth-bau.de\/index.php\/datenschutz\/\">Datenschutz<\/a><\/li>\n<\/ul><\/div><\/div>\n                          <\/div>\n                        <\/div>\n                        <div class=\"offscreen-footer h-ui-empty-state-container\">\n                          <div data-colibri-id=\"1443-c37\" class=\"h-row-container gutters-row-lg-0 gutters-row-md-0 gutters-row-0 gutters-row-v-lg-0 gutters-row-v-md-0 gutters-row-v-0 style-1175 style-local-1443-c37 position-relative\">\n                            <!---->\n                            <div class=\"h-row justify-content-lg-center justify-content-md-center justify-content-center align-items-lg-stretch align-items-md-stretch align-items-stretch gutters-col-lg-0 gutters-col-md-0 gutters-col-0 gutters-col-v-lg-0 gutters-col-v-md-0 gutters-col-v-0\">\n                              <!---->\n                              <div class=\"h-column h-column-container d-flex h-col-lg h-col-md h-col-auto style-1176-outer style-local-1443-c38-outer\">\n                                <div data-colibri-id=\"1443-c38\" class=\"d-flex h-flex-basis h-column__inner h-px-lg-2 h-px-md-2 h-px-2 v-inner-lg-2 v-inner-md-2 v-inner-2 style-1176 style-local-1443-c38 position-relative\">\n                                  <!---->\n                                  <!---->\n                                  <div class=\"w-100 h-y-container h-column__content h-column__v-align flex-basis-100 align-self-lg-start align-self-md-start align-self-start\">\n                                    <!---->\n                                    <div data-colibri-id=\"1443-c39\" class=\"h-text h-text-component style-1177 style-local-1443-c39 position-relative h-element\">\n                                      <!---->\n                                      <!---->\n                                      <div class=\"\">\n                                        <p>\u00a9 2025<\/p>\n                                      <\/div>\n                                    <\/div>\n                                  <\/div>\n                                <\/div>\n                              <\/div>\n                            <\/div>\n                          <\/div>\n                        <\/div>\n                      <\/div>\n                    <\/div>\n                    <div id=\"offcanvas-overlay-1443-c31\" class=\"offscreen-overlay style-1169-offscreenOverlay style-local-1443-c31-offscreenOverlay\"><\/div>\n                  <\/div>\n                <\/div>\n              <\/div>\n            <\/div>\n          <\/div>\n        <\/div>\n      <\/div>\n    <\/div>\n  <\/div>\n<\/div>","protected":false},"excerpt":{"rendered":"<p>Bauausf\u00fchrung f\u00fcr Privat- &amp; Gewerbekunden sowie Verwaltung Wir \u00fcbernehmen die fachgerechte Ausf\u00fchrung von Bauvorhaben \u2013 und liefern individuell, wirtschaftlich und l\u00f6sungsorientiert alles aus einer Hand. Unsere Expertise liegt im Ausbaubereich, dar\u00fcber hinaus haben wir uns auf das Bauen im Bestand spezialisiert. Mit technischem Know-how \u00fcbernehmen wir unterschiedlichste Aufgaben von der sorgf\u00e4ltigen Sanierung denkmalgesch\u00fctzter Objekte, \u00fcber [&hellip;]<\/p>\n","protected":false},"author":2,"featured_media":0,"parent":0,"menu_order":0,"comment_status":"closed","ping_status":"closed","template":"page-templates\/full-width-page.php","meta":{"footnotes":""},"class_list":["post-1443","page","type-page","status-publish","hentry"],"_links":{"self":[{"href":"https:\/\/fieth-bau.de\/index.php\/wp-json\/wp\/v2\/pages\/1443","targetHints":{"allow":["GET"]}}],"collection":[{"href":"https:\/\/fieth-bau.de\/index.php\/wp-json\/wp\/v2\/pages"}],"about":[{"href":"https:\/\/fieth-bau.de\/index.php\/wp-json\/wp\/v2\/types\/page"}],"author":[{"embeddable":true,"href":"https:\/\/fieth-bau.de\/index.php\/wp-json\/wp\/v2\/users\/2"}],"replies":[{"embeddable":true,"href":"https:\/\/fieth-bau.de\/index.php\/wp-json\/wp\/v2\/comments?post=1443"}],"version-history":[{"count":13,"href":"https:\/\/fieth-bau.de\/index.php\/wp-json\/wp\/v2\/pages\/1443\/revisions"}],"predecessor-version":[{"id":1947,"href":"https:\/\/fieth-bau.de\/index.php\/wp-json\/wp\/v2\/pages\/1443\/revisions\/1947"}],"wp:attachment":[{"href":"https:\/\/fieth-bau.de\/index.php\/wp-json\/wp\/v2\/media?parent=1443"}],"curies":[{"name":"wp","href":"https:\/\/api.w.org\/{rel}","templated":true}]}}